{"id":5658,"date":"2022-10-03T15:36:59","date_gmt":"2022-10-03T20:36:59","guid":{"rendered":"https:\/\/ceper.uniandes.edu.co\/cerosetenta-medialab\/"},"modified":"2022-12-01T14:58:44","modified_gmt":"2022-12-01T19:58:44","slug":"cerosetenta-medialab","status":"publish","type":"page","link":"https:\/\/ceper.uniandes.edu.co\/en\/cerosetenta-medialab\/","title":{"rendered":"Cerosetenta \u2013 MediaLab"},"content":{"rendered":"<div class=\"wpb-content-wrapper\"><p>[vc_row][vc_column][vc_single_image source=&#8221;external_link&#8221; external_img_size=&#8221;200&#215;219&#8243; custom_src=&#8221;https:\/\/facartes.uniandes.edu.co\/wp-content\/uploads\/2018\/02\/perio-nueva.jpg&#8221;][vc_column_text]<\/p>\n<p class=\"p1\">MediaLab is CEPER\u2019s media and services unit, which includes:<br \/>\n<!--more--><\/p>\n<p>[\/vc_column_text][vc_single_image source=&#8221;external_link&#8221; external_img_size=&#8221;201&#215;219&#8243; custom_src=&#8221;https:\/\/facartes.uniandes.edu.co\/wp-content\/uploads\/2018\/02\/070.png&#8221;][vc_column_text]With six years of operation, it delivers in-depth content that expands and contextualizes the news in the agenda of conventional media and offers different views of the usual topics.<br \/>\n<!--more--> Its quality has been recognized by awards such as the L\u00e1piz de Acero and the Sim\u00f3n Bol\u00edvar. In addition, the Gabriel Garc\u00eda M\u00e1rquez Foundation for the New Ibero-American Journalism (FNPU &#8211; Gabo Foundation) included it among the ten enterprising digital media in Ibero-America, and the Foundation for Press Freedom invited it to be part of the League against Silence, an initiative to combat self-censorship in the media.[\/vc_column_text][vc_column_text]<\/p>\n<h2>Team<\/h2>\n<p>[\/vc_column_text]\n\t\t<div class=\"row\">\n\t\n\t\t\t\t<div class=\"member-item col-md-3 \">\n\t\t\t\t\t<div class=\"member-item-inner\">\n\t\t\t\t\t\t<div class=\"item-thumbnail\"><a href=\"https:\/\/ceper.uniandes.edu.co\/en\/miembro\/natalia-arenas-chaves\/\" title=\"Natalia Arenas Chaves\"><img loading=\"lazy\" decoding=\"async\" width=\"526\" height=\"526\" src=\"https:\/\/ceper.uniandes.edu.co\/files\/2019\/06\/AC_3250-526x526.jpg\" class=\"attachment-thumb_526x526 size-thumb_526x526 wp-post-image\" alt=\"\" srcset=\"https:\/\/ceper.uniandes.edu.co\/files\/2019\/06\/AC_3250-526x526.jpg 526w, https:\/\/ceper.uniandes.edu.co\/files\/2019\/06\/AC_3250-150x150.jpg 150w, https:\/\/ceper.uniandes.edu.co\/files\/2019\/06\/AC_3250-300x300.jpg 300w, https:\/\/ceper.uniandes.edu.co\/files\/2019\/06\/AC_3250-768x768.jpg 768w, https:\/\/ceper.uniandes.edu.co\/files\/2019\/06\/AC_3250-50x50.jpg 50w, https:\/\/ceper.uniandes.edu.co\/files\/2019\/06\/AC_3250-80x80.jpg 80w, https:\/\/ceper.uniandes.edu.co\/files\/2019\/06\/AC_3250-263x263.jpg 263w, https:\/\/ceper.uniandes.edu.co\/files\/2019\/06\/AC_3250-100x100.jpg 100w, https:\/\/ceper.uniandes.edu.co\/files\/2019\/06\/AC_3250-255x255.jpg 255w, https:\/\/ceper.uniandes.edu.co\/files\/2019\/06\/AC_3250-600x600.jpg 600w, https:\/\/ceper.uniandes.edu.co\/files\/2019\/06\/AC_3250.jpg 1000w\" sizes=\"auto, (max-width: 526px) 100vw, 526px\" \/><\/a>\n\t\t\t\t\t\t<\/div>\n\t\t\t\t\t\t<div class=\"item-content\">\n\t\t\t\t\t\t\t<h3 class=\"item-title\"><a href=\"https:\/\/ceper.uniandes.edu.co\/en\/miembro\/natalia-arenas-chaves\/\" title=\"title\" class=\"main-color-1-hover\">Natalia Arenas Chaves<\/a>\n\t\t\t\t\t\t\t<\/h3>\n\t\t\t\t\t\t\t<h4 class=\"small-text\">070 Director<\/h4>\n\t\t\t\t\t\t\t<p>Office: Wagon 1 Ext. 2112<\/p>\n\t\t\t\t\t\t\t<ul class=\"list-inline social-light\">\n\t\t\t\t\t\t\t\t\t<li><a class=\"btn btn-default social-icon\" href=\"mailto:n.arenas56@uniandes.edu.co\"> <i class=\"fa fa-envelope\"><\/i><\/a><\/li>\n\t\t\t\t\t\t\t<\/ul>\n\t\t\t\t\t\t<\/div>\n\t\t\t\t\t<\/div>\n\t\t\t\t<\/div>\n\t\t\t\n\t\t\t\t<div class=\"member-item col-md-3 \">\n\t\t\t\t\t<div class=\"member-item-inner\">\n\t\t\t\t\t\t<div class=\"item-thumbnail\"><a href=\"https:\/\/ceper.uniandes.edu.co\/en\/miembro\/tania-tapia-jauregui\/\" title=\"Tania Tapia J\u00e1uregui\"><img loading=\"lazy\" decoding=\"async\" width=\"526\" height=\"526\" src=\"https:\/\/ceper.uniandes.edu.co\/files\/2022\/09\/tania_tapia-526x526.jpg\" class=\"attachment-thumb_526x526 size-thumb_526x526 wp-post-image\" alt=\"\" srcset=\"https:\/\/ceper.uniandes.edu.co\/files\/2022\/09\/tania_tapia-526x526.jpg 526w, https:\/\/ceper.uniandes.edu.co\/files\/2022\/09\/tania_tapia-300x300.jpg 300w, https:\/\/ceper.uniandes.edu.co\/files\/2022\/09\/tania_tapia-150x150.jpg 150w, https:\/\/ceper.uniandes.edu.co\/files\/2022\/09\/tania_tapia-768x769.jpg 768w, https:\/\/ceper.uniandes.edu.co\/files\/2022\/09\/tania_tapia-50x50.jpg 50w, https:\/\/ceper.uniandes.edu.co\/files\/2022\/09\/tania_tapia-80x80.jpg 80w, https:\/\/ceper.uniandes.edu.co\/files\/2022\/09\/tania_tapia-263x263.jpg 263w, https:\/\/ceper.uniandes.edu.co\/files\/2022\/09\/tania_tapia-100x100.jpg 100w, https:\/\/ceper.uniandes.edu.co\/files\/2022\/09\/tania_tapia-180x180.jpg 180w, https:\/\/ceper.uniandes.edu.co\/files\/2022\/09\/tania_tapia-255x255.jpg 255w, https:\/\/ceper.uniandes.edu.co\/files\/2022\/09\/tania_tapia-600x601.jpg 600w, https:\/\/ceper.uniandes.edu.co\/files\/2022\/09\/tania_tapia.jpg 1000w\" sizes=\"auto, (max-width: 526px) 100vw, 526px\" \/><\/a>\n\t\t\t\t\t\t<\/div>\n\t\t\t\t\t\t<div class=\"item-content\">\n\t\t\t\t\t\t\t<h3 class=\"item-title\"><a href=\"https:\/\/ceper.uniandes.edu.co\/en\/miembro\/tania-tapia-jauregui\/\" title=\"title\" class=\"main-color-1-hover\">Tania Tapia J\u00e1uregui<\/a>\n\t\t\t\t\t\t\t<\/h3>\n\t\t\t\t\t\t\t<h4 class=\"small-text\">070 Editor<\/h4>\n\t\t\t\t\t\t\t<p>Office: Wagon 1 Ext. 2112<\/p>\n\t\t\t\t\t\t\t<ul class=\"list-inline social-light\">\n\t\t\t\t\t\t\t\t\t<li><a class=\"btn btn-default social-icon\" href=\"mailto:ta.tapia1685@uniandes.edu.co\"> <i class=\"fa fa-envelope\"><\/i><\/a><\/li>\n\t\t\t\t\t\t\t<\/ul>\n\t\t\t\t\t\t<\/div>\n\t\t\t\t\t<\/div>\n\t\t\t\t<\/div>\n\t\t\t\n\t\t<\/div>\n\t[vc_btn title=&#8221;070 Website&#8221; style=&#8221;classic&#8221; color=&#8221;inverse&#8221; size=&#8221;lg&#8221; i_icon_fontawesome=&#8221;fa fa-newspaper-o&#8221; add_icon=&#8221;true&#8221; link=&#8221;url:https%3A%2F%2Fcerosetenta.uniandes.edu.co|target:%20_blank|&#8221;][vc_column_text]<\/p>\n<h1>News Agency<\/h1>\n<p>[\/vc_column_text][vc_column_text]It was created in 2013 to support other University departments with communication products. It has contributed communication strategies and journalistic products to the Fenicia Project, the Vice President\u2019s Office for Research, and the Democracy Observatory, among other projects.[\/vc_column_text][vc_column_text]<\/p>\n<h1>Ceper on Demand<\/h1>\n<p>[\/vc_column_text][vc_column_text]Offers training in journalistic and communication issues to entities requiring training for their collaborators and journalists seeking reinforcement in particular areas of interest.[\/vc_column_text][\/vc_column][\/vc_row][vc_row][vc_column][\/vc_column][\/vc_row]<\/p>\n<\/div>","protected":false},"excerpt":{"rendered":"<p>[vc_row][vc_column][vc_single_image source=&#8221;external_link&#8221; external_img_size=&#8221;200&#215;219&#8243; custom_src=&#8221;https:\/\/facartes.uniandes.edu.co\/wp-content\/uploads\/2018\/02\/perio-nueva.jpg&#8221;][vc_column_text] MediaLab is CEPER\u2019s media and services unit, which includes:<\/p>\n","protected":false},"author":1,"featured_media":0,"parent":0,"menu_order":0,"comment_status":"closed","ping_status":"closed","template":"","meta":{"footnotes":""},"class_list":["post-5658","page","type-page","status-publish","hentry"],"yoast_head":"<!-- This site is optimized with the Yoast SEO plugin v27.4 - https:\/\/yoast.com\/product\/yoast-seo-wordpress\/ -->\n<title>Cerosetenta \u2013 MediaLab - Ceper - Universidad de los Andes<\/title>\n<meta name=\"description\" content=\"Cerosetenta MediaLab is CEPER\u2019s media and services unit at the School of Arts and Humanities of Los Andes University.\" \/>\n<meta name=\"robots\" content=\"noindex, follow, max-snippet:-1, max-image-preview:large, max-video-preview:-1\" \/>\n<meta property=\"og:locale\" content=\"en_US\" \/>\n<meta property=\"og:type\" content=\"article\" \/>\n<meta property=\"og:title\" content=\"Cerosetenta \u2013 MediaLab - Ceper - Universidad de los Andes\" \/>\n<meta property=\"og:description\" content=\"Cerosetenta MediaLab is CEPER\u2019s media and services unit at the School of Arts and Humanities of Los Andes University.\" \/>\n<meta property=\"og:url\" content=\"https:\/\/ceper.uniandes.edu.co\/en\/cerosetenta-medialab\/\" \/>\n<meta property=\"og:site_name\" content=\"Centro de Estudios en Periodismo - Ceper \u2502 Universidad de los Andes\" \/>\n<meta property=\"article:modified_time\" content=\"2022-12-01T19:58:44+00:00\" \/>\n<meta name=\"twitter:card\" content=\"summary_large_image\" \/>\n<meta name=\"twitter:label1\" content=\"Est. reading time\" \/>\n\t<meta name=\"twitter:data1\" content=\"1 minute\" \/>\n<script type=\"application\/ld+json\" class=\"yoast-schema-graph\">{\"@context\":\"https:\\\/\\\/schema.org\",\"@graph\":[{\"@type\":\"WebPage\",\"@id\":\"https:\\\/\\\/ceper.uniandes.edu.co\\\/en\\\/cerosetenta-medialab\\\/\",\"url\":\"https:\\\/\\\/ceper.uniandes.edu.co\\\/en\\\/cerosetenta-medialab\\\/\",\"name\":\"Cerosetenta \u2013 MediaLab - Ceper - Universidad de los Andes\",\"isPartOf\":{\"@id\":\"https:\\\/\\\/ceper.uniandes.edu.co\\\/#website\"},\"datePublished\":\"2022-10-03T20:36:59+00:00\",\"dateModified\":\"2022-12-01T19:58:44+00:00\",\"description\":\"Cerosetenta MediaLab is CEPER\u2019s media and services unit at the School of Arts and Humanities of Los Andes University.\",\"breadcrumb\":{\"@id\":\"https:\\\/\\\/ceper.uniandes.edu.co\\\/en\\\/cerosetenta-medialab\\\/#breadcrumb\"},\"inLanguage\":\"en-US\",\"potentialAction\":[{\"@type\":\"ReadAction\",\"target\":[\"https:\\\/\\\/ceper.uniandes.edu.co\\\/en\\\/cerosetenta-medialab\\\/\"]}]},{\"@type\":\"BreadcrumbList\",\"@id\":\"https:\\\/\\\/ceper.uniandes.edu.co\\\/en\\\/cerosetenta-medialab\\\/#breadcrumb\",\"itemListElement\":[{\"@type\":\"ListItem\",\"position\":1,\"name\":\"Portada\",\"item\":\"https:\\\/\\\/ceper.uniandes.edu.co\\\/en\\\/\"},{\"@type\":\"ListItem\",\"position\":2,\"name\":\"Cerosetenta \u2013 MediaLab\"}]},{\"@type\":\"WebSite\",\"@id\":\"https:\\\/\\\/ceper.uniandes.edu.co\\\/#website\",\"url\":\"https:\\\/\\\/ceper.uniandes.edu.co\\\/\",\"name\":\"Centro de Estudios en Periodismo - Ceper \u2502 Universidad de los Andes\",\"description\":\"\",\"potentialAction\":[{\"@type\":\"SearchAction\",\"target\":{\"@type\":\"EntryPoint\",\"urlTemplate\":\"https:\\\/\\\/ceper.uniandes.edu.co\\\/?s={search_term_string}\"},\"query-input\":{\"@type\":\"PropertyValueSpecification\",\"valueRequired\":true,\"valueName\":\"search_term_string\"}}],\"inLanguage\":\"en-US\"}]}<\/script>\n<!-- \/ Yoast SEO plugin. -->","yoast_head_json":{"title":"Cerosetenta \u2013 MediaLab - Ceper - Universidad de los Andes","description":"Cerosetenta MediaLab is CEPER\u2019s media and services unit at the School of Arts and Humanities of Los Andes University.","robots":{"index":"noindex","follow":"follow","max-snippet":"max-snippet:-1","max-image-preview":"max-image-preview:large","max-video-preview":"max-video-preview:-1"},"og_locale":"en_US","og_type":"article","og_title":"Cerosetenta \u2013 MediaLab - Ceper - Universidad de los Andes","og_description":"Cerosetenta MediaLab is CEPER\u2019s media and services unit at the School of Arts and Humanities of Los Andes University.","og_url":"https:\/\/ceper.uniandes.edu.co\/en\/cerosetenta-medialab\/","og_site_name":"Centro de Estudios en Periodismo - Ceper \u2502 Universidad de los Andes","article_modified_time":"2022-12-01T19:58:44+00:00","twitter_card":"summary_large_image","twitter_misc":{"Est. reading time":"1 minute"},"schema":{"@context":"https:\/\/schema.org","@graph":[{"@type":"WebPage","@id":"https:\/\/ceper.uniandes.edu.co\/en\/cerosetenta-medialab\/","url":"https:\/\/ceper.uniandes.edu.co\/en\/cerosetenta-medialab\/","name":"Cerosetenta \u2013 MediaLab - Ceper - Universidad de los Andes","isPartOf":{"@id":"https:\/\/ceper.uniandes.edu.co\/#website"},"datePublished":"2022-10-03T20:36:59+00:00","dateModified":"2022-12-01T19:58:44+00:00","description":"Cerosetenta MediaLab is CEPER\u2019s media and services unit at the School of Arts and Humanities of Los Andes University.","breadcrumb":{"@id":"https:\/\/ceper.uniandes.edu.co\/en\/cerosetenta-medialab\/#breadcrumb"},"inLanguage":"en-US","potentialAction":[{"@type":"ReadAction","target":["https:\/\/ceper.uniandes.edu.co\/en\/cerosetenta-medialab\/"]}]},{"@type":"BreadcrumbList","@id":"https:\/\/ceper.uniandes.edu.co\/en\/cerosetenta-medialab\/#breadcrumb","itemListElement":[{"@type":"ListItem","position":1,"name":"Portada","item":"https:\/\/ceper.uniandes.edu.co\/en\/"},{"@type":"ListItem","position":2,"name":"Cerosetenta \u2013 MediaLab"}]},{"@type":"WebSite","@id":"https:\/\/ceper.uniandes.edu.co\/#website","url":"https:\/\/ceper.uniandes.edu.co\/","name":"Centro de Estudios en Periodismo - Ceper \u2502 Universidad de los Andes","description":"","potentialAction":[{"@type":"SearchAction","target":{"@type":"EntryPoint","urlTemplate":"https:\/\/ceper.uniandes.edu.co\/?s={search_term_string}"},"query-input":{"@type":"PropertyValueSpecification","valueRequired":true,"valueName":"search_term_string"}}],"inLanguage":"en-US"}]}},"_links":{"self":[{"href":"https:\/\/ceper.uniandes.edu.co\/en\/wp-json\/wp\/v2\/pages\/5658","targetHints":{"allow":["GET"]}}],"collection":[{"href":"https:\/\/ceper.uniandes.edu.co\/en\/wp-json\/wp\/v2\/pages"}],"about":[{"href":"https:\/\/ceper.uniandes.edu.co\/en\/wp-json\/wp\/v2\/types\/page"}],"author":[{"embeddable":true,"href":"https:\/\/ceper.uniandes.edu.co\/en\/wp-json\/wp\/v2\/users\/1"}],"replies":[{"embeddable":true,"href":"https:\/\/ceper.uniandes.edu.co\/en\/wp-json\/wp\/v2\/comments?post=5658"}],"version-history":[{"count":7,"href":"https:\/\/ceper.uniandes.edu.co\/en\/wp-json\/wp\/v2\/pages\/5658\/revisions"}],"predecessor-version":[{"id":5944,"href":"https:\/\/ceper.uniandes.edu.co\/en\/wp-json\/wp\/v2\/pages\/5658\/revisions\/5944"}],"wp:attachment":[{"href":"https:\/\/ceper.uniandes.edu.co\/en\/wp-json\/wp\/v2\/media?parent=5658"}],"curies":[{"name":"wp","href":"https:\/\/api.w.org\/{rel}","templated":true}]}}