{"id":5706,"date":"2022-10-03T17:13:12","date_gmt":"2022-10-03T22:13:12","guid":{"rendered":"https:\/\/ceper.uniandes.edu.co\/programs\/undergraduate-degree-in-digital-narratives\/undergraduate-degree-project-guidelines\/"},"modified":"2022-10-03T17:13:13","modified_gmt":"2022-10-03T22:13:13","slug":"undergraduate-degree-project-guidelines","status":"publish","type":"page","link":"https:\/\/ceper.uniandes.edu.co\/en\/programs\/undergraduate-degree-in-digital-narratives\/undergraduate-degree-project-guidelines\/","title":{"rendered":"Undergraduate Degree Project Guidelines"},"content":{"rendered":"<div class=\"wpb-content-wrapper\"><p>[vc_row][vc_column][vc_column_text]<\/p>\n<div class=\"u_row\">\n<div class=\"vc_row wpb_row vc_row-fluid\">\n<div class=\"wpb_column vc_column_container vc_col-sm-12\">\n<div class=\"vc_column-inner\">\n<div class=\"wpb_wrapper\">\n<div class=\"wpb_text_column wpb_content_element \">\n<div class=\"wpb_wrapper\">\n<p>Encuentre aqu\u00ed toda la informaci\u00f3n que necesita para planear su semestre de trabajo de grado para terminar el Pregrado en Narrativas Digitales de la Universidad de los Andes.<\/p>\n<\/div>\n<\/div>\n<\/div>\n<\/div>\n<\/div>\n<\/div>\n<\/div>\n<div class=\"u_row\">\n<div class=\"vc_row wpb_row vc_row-fluid\">\n<div class=\"wpb_column vc_column_container vc_col-sm-12\">\n<div class=\"vc_column-inner\">\n<div class=\"wpb_wrapper\">Para m\u00e1s informaci\u00f3n sobre estos u otros temas acad\u00e9micos, env\u00ede un correo a Jos\u00e9 Manuel Villamar\u00edn G., coordinador acad\u00e9mico: <span style=\"color: #ff0000;\"><a style=\"color: #ff0000;\" href=\"https:\/\/ceper.uniandes.edu.co\/narrativas-digitales-preguntas-frecuentes\/jm.villamarin@uniandes.edu.co\" target=\"_blank\" rel=\"noopener\">jm.villamarin@uniandes.edu.co<\/a><\/span>\u00a0o Mar\u00eda Camila Olarte Vargas, asistente acad\u00e9mica:\u00a0<a href=\"mailto:mc.olartev@uniandes.edu.co\" target=\"_blank\" rel=\"noopener\"><span style=\"color: #ff0000;\">mc.olartev@uniandes.edu.co<\/span><\/a>.<\/div>\n<\/div>\n<\/div>\n<\/div>\n<\/div>\n<p>[\/vc_column_text][\/vc_column][\/vc_row][vc_row][vc_column][vc_raw_html]PGlmcmFtZSB3aWR0aD0iOTYwIiBoZWlnaHQ9IjI4NDcuMzYiIGRhdGEtb3JpZ2luYWwtd2lkdGg9IjE1MDAiIGRhdGEtb3JpZ2luYWwtaGVpZ2h0PSI0NDQ5IiBzcmM9Imh0dHBzOi8vd3d3LnRoaW5nbGluay5jb20vY2FyZC8xNDc0NTQ3OTM5NjIyNzgwOTMwIiB0eXBlPSJ0ZXh0L2h0bWwiIGZyYW1lYm9yZGVyPSIwIiB3ZWJraXRhbGxvd2Z1bGxzY3JlZW4gbW96YWxsb3dmdWxsc2NyZWVuIGFsbG93ZnVsbHNjcmVlbiBzY3JvbGxpbmc9Im5vIj48L2lmcmFtZT48c2NyaXB0IGFzeW5jIHNyYz0iLy9jZG4udGhpbmdsaW5rLm1lL2pzZS9yZXNwb25zaXZlLmpzIj48L3NjcmlwdD4=[\/vc_raw_html][\/vc_column][\/vc_row]<\/p>\n<\/div>","protected":false},"excerpt":{"rendered":"<p>[vc_row][vc_column][vc_column_text] Encuentre aqu\u00ed toda la informaci\u00f3n que necesita para planear su semestre de trabajo de grado para terminar el Pregrado en Narrativas Digitales de la Universidad de los Andes. Para m\u00e1s informaci\u00f3n sobre estos u otros temas acad\u00e9micos, env\u00ede un correo a Jos\u00e9 Manuel Villamar\u00edn G., coordinador acad\u00e9mico: jm.villamarin@uniandes.edu.co\u00a0o Mar\u00eda Camila Olarte Vargas, asistente acad\u00e9mica:\u00a0mc.olartev@uniandes.edu.co. [&hellip;]<\/p>\n","protected":false},"author":1,"featured_media":4941,"parent":5691,"menu_order":0,"comment_status":"closed","ping_status":"closed","template":"","meta":{"footnotes":""},"class_list":["post-5706","page","type-page","status-publish","has-post-thumbnail","hentry"],"yoast_head":"<!-- This site is optimized with the Yoast SEO plugin v27.4 - https:\/\/yoast.com\/product\/yoast-seo-wordpress\/ -->\n<title>Proyecto de grado: lineamientos | Narrativas Digitales | Uniandes<\/title>\n<meta name=\"description\" content=\"Conozca los lineamientos del proyecto de grado para terminar el Pregrado en Narrativas Digitales de la Universidad de los Andes\" \/>\n<meta name=\"robots\" content=\"noindex, follow, max-snippet:-1, max-image-preview:large, max-video-preview:-1\" \/>\n<meta property=\"og:locale\" content=\"en_US\" \/>\n<meta property=\"og:type\" content=\"article\" \/>\n<meta property=\"og:title\" content=\"Proyecto de grado: lineamientos | Narrativas Digitales | Uniandes\" \/>\n<meta property=\"og:description\" content=\"Conozca los lineamientos del proyecto de grado para terminar el Pregrado en Narrativas Digitales de la Universidad de los Andes\" \/>\n<meta property=\"og:url\" content=\"https:\/\/ceper.uniandes.edu.co\/en\/programs\/undergraduate-degree-in-digital-narratives\/undergraduate-degree-project-guidelines\/\" \/>\n<meta property=\"og:site_name\" content=\"Centro de Estudios en Periodismo - Ceper \u2502 Universidad de los Andes\" \/>\n<meta property=\"article:modified_time\" content=\"2022-10-03T22:13:13+00:00\" \/>\n<meta property=\"og:image\" content=\"https:\/\/ceper.uniandes.edu.co\/files\/2022\/04\/proyecto-nd.jpg\" \/>\n\t<meta property=\"og:image:width\" content=\"1280\" \/>\n\t<meta property=\"og:image:height\" content=\"725\" \/>\n\t<meta property=\"og:image:type\" content=\"image\/jpeg\" \/>\n<meta name=\"twitter:card\" content=\"summary_large_image\" \/>\n<meta name=\"twitter:label1\" content=\"Est. reading time\" \/>\n\t<meta name=\"twitter:data1\" content=\"1 minute\" \/>\n<script type=\"application\/ld+json\" class=\"yoast-schema-graph\">{\"@context\":\"https:\\\/\\\/schema.org\",\"@graph\":[{\"@type\":\"WebPage\",\"@id\":\"https:\\\/\\\/ceper.uniandes.edu.co\\\/en\\\/programs\\\/undergraduate-degree-in-digital-narratives\\\/undergraduate-degree-project-guidelines\\\/\",\"url\":\"https:\\\/\\\/ceper.uniandes.edu.co\\\/en\\\/programs\\\/undergraduate-degree-in-digital-narratives\\\/undergraduate-degree-project-guidelines\\\/\",\"name\":\"Proyecto de grado: lineamientos | Narrativas Digitales | Uniandes\",\"isPartOf\":{\"@id\":\"https:\\\/\\\/ceper.uniandes.edu.co\\\/en\\\/#website\"},\"primaryImageOfPage\":{\"@id\":\"https:\\\/\\\/ceper.uniandes.edu.co\\\/en\\\/programs\\\/undergraduate-degree-in-digital-narratives\\\/undergraduate-degree-project-guidelines\\\/#primaryimage\"},\"image\":{\"@id\":\"https:\\\/\\\/ceper.uniandes.edu.co\\\/en\\\/programs\\\/undergraduate-degree-in-digital-narratives\\\/undergraduate-degree-project-guidelines\\\/#primaryimage\"},\"thumbnailUrl\":\"https:\\\/\\\/ceper.uniandes.edu.co\\\/files\\\/2022\\\/04\\\/proyecto-nd.jpg\",\"datePublished\":\"2022-10-03T22:13:12+00:00\",\"dateModified\":\"2022-10-03T22:13:13+00:00\",\"description\":\"Conozca los lineamientos del proyecto de grado para terminar el Pregrado en Narrativas Digitales de la Universidad de los Andes\",\"breadcrumb\":{\"@id\":\"https:\\\/\\\/ceper.uniandes.edu.co\\\/en\\\/programs\\\/undergraduate-degree-in-digital-narratives\\\/undergraduate-degree-project-guidelines\\\/#breadcrumb\"},\"inLanguage\":\"en-US\",\"potentialAction\":[{\"@type\":\"ReadAction\",\"target\":[\"https:\\\/\\\/ceper.uniandes.edu.co\\\/en\\\/programs\\\/undergraduate-degree-in-digital-narratives\\\/undergraduate-degree-project-guidelines\\\/\"]}]},{\"@type\":\"ImageObject\",\"inLanguage\":\"en-US\",\"@id\":\"https:\\\/\\\/ceper.uniandes.edu.co\\\/en\\\/programs\\\/undergraduate-degree-in-digital-narratives\\\/undergraduate-degree-project-guidelines\\\/#primaryimage\",\"url\":\"https:\\\/\\\/ceper.uniandes.edu.co\\\/files\\\/2022\\\/04\\\/proyecto-nd.jpg\",\"contentUrl\":\"https:\\\/\\\/ceper.uniandes.edu.co\\\/files\\\/2022\\\/04\\\/proyecto-nd.jpg\",\"width\":1280,\"height\":725,\"caption\":\"Banner Lineamientos del proyecto de grado de Narrativas Digitales\"},{\"@type\":\"BreadcrumbList\",\"@id\":\"https:\\\/\\\/ceper.uniandes.edu.co\\\/en\\\/programs\\\/undergraduate-degree-in-digital-narratives\\\/undergraduate-degree-project-guidelines\\\/#breadcrumb\",\"itemListElement\":[{\"@type\":\"ListItem\",\"position\":1,\"name\":\"Portada\",\"item\":\"https:\\\/\\\/ceper.uniandes.edu.co\\\/en\\\/\"},{\"@type\":\"ListItem\",\"position\":2,\"name\":\"Programs\",\"item\":\"https:\\\/\\\/ceper.uniandes.edu.co\\\/en\\\/programs\\\/\"},{\"@type\":\"ListItem\",\"position\":3,\"name\":\"Undergraduate Degree in Digital Narratives\",\"item\":\"https:\\\/\\\/ceper.uniandes.edu.co\\\/en\\\/programs\\\/undergraduate-degree-in-digital-narratives\\\/\"},{\"@type\":\"ListItem\",\"position\":4,\"name\":\"Undergraduate Degree Project Guidelines\"}]},{\"@type\":\"WebSite\",\"@id\":\"https:\\\/\\\/ceper.uniandes.edu.co\\\/en\\\/#website\",\"url\":\"https:\\\/\\\/ceper.uniandes.edu.co\\\/en\\\/\",\"name\":\"Centro de Estudios en Periodismo - Ceper \u2502 Universidad de los Andes\",\"description\":\"\",\"potentialAction\":[{\"@type\":\"SearchAction\",\"target\":{\"@type\":\"EntryPoint\",\"urlTemplate\":\"https:\\\/\\\/ceper.uniandes.edu.co\\\/en\\\/?s={search_term_string}\"},\"query-input\":{\"@type\":\"PropertyValueSpecification\",\"valueRequired\":true,\"valueName\":\"search_term_string\"}}],\"inLanguage\":\"en-US\"}]}<\/script>\n<!-- \/ Yoast SEO plugin. -->","yoast_head_json":{"title":"Proyecto de grado: lineamientos | Narrativas Digitales | Uniandes","description":"Conozca los lineamientos del proyecto de grado para terminar el Pregrado en Narrativas Digitales de la Universidad de los Andes","robots":{"index":"noindex","follow":"follow","max-snippet":"max-snippet:-1","max-image-preview":"max-image-preview:large","max-video-preview":"max-video-preview:-1"},"og_locale":"en_US","og_type":"article","og_title":"Proyecto de grado: lineamientos | Narrativas Digitales | Uniandes","og_description":"Conozca los lineamientos del proyecto de grado para terminar el Pregrado en Narrativas Digitales de la Universidad de los Andes","og_url":"https:\/\/ceper.uniandes.edu.co\/en\/programs\/undergraduate-degree-in-digital-narratives\/undergraduate-degree-project-guidelines\/","og_site_name":"Centro de Estudios en Periodismo - Ceper \u2502 Universidad de los Andes","article_modified_time":"2022-10-03T22:13:13+00:00","og_image":[{"width":1280,"height":725,"url":"https:\/\/ceper.uniandes.edu.co\/files\/2022\/04\/proyecto-nd.jpg","type":"image\/jpeg"}],"twitter_card":"summary_large_image","twitter_misc":{"Est. reading time":"1 minute"},"schema":{"@context":"https:\/\/schema.org","@graph":[{"@type":"WebPage","@id":"https:\/\/ceper.uniandes.edu.co\/en\/programs\/undergraduate-degree-in-digital-narratives\/undergraduate-degree-project-guidelines\/","url":"https:\/\/ceper.uniandes.edu.co\/en\/programs\/undergraduate-degree-in-digital-narratives\/undergraduate-degree-project-guidelines\/","name":"Proyecto de grado: lineamientos | Narrativas Digitales | Uniandes","isPartOf":{"@id":"https:\/\/ceper.uniandes.edu.co\/en\/#website"},"primaryImageOfPage":{"@id":"https:\/\/ceper.uniandes.edu.co\/en\/programs\/undergraduate-degree-in-digital-narratives\/undergraduate-degree-project-guidelines\/#primaryimage"},"image":{"@id":"https:\/\/ceper.uniandes.edu.co\/en\/programs\/undergraduate-degree-in-digital-narratives\/undergraduate-degree-project-guidelines\/#primaryimage"},"thumbnailUrl":"https:\/\/ceper.uniandes.edu.co\/files\/2022\/04\/proyecto-nd.jpg","datePublished":"2022-10-03T22:13:12+00:00","dateModified":"2022-10-03T22:13:13+00:00","description":"Conozca los lineamientos del proyecto de grado para terminar el Pregrado en Narrativas Digitales de la Universidad de los Andes","breadcrumb":{"@id":"https:\/\/ceper.uniandes.edu.co\/en\/programs\/undergraduate-degree-in-digital-narratives\/undergraduate-degree-project-guidelines\/#breadcrumb"},"inLanguage":"en-US","potentialAction":[{"@type":"ReadAction","target":["https:\/\/ceper.uniandes.edu.co\/en\/programs\/undergraduate-degree-in-digital-narratives\/undergraduate-degree-project-guidelines\/"]}]},{"@type":"ImageObject","inLanguage":"en-US","@id":"https:\/\/ceper.uniandes.edu.co\/en\/programs\/undergraduate-degree-in-digital-narratives\/undergraduate-degree-project-guidelines\/#primaryimage","url":"https:\/\/ceper.uniandes.edu.co\/files\/2022\/04\/proyecto-nd.jpg","contentUrl":"https:\/\/ceper.uniandes.edu.co\/files\/2022\/04\/proyecto-nd.jpg","width":1280,"height":725,"caption":"Banner Lineamientos del proyecto de grado de Narrativas Digitales"},{"@type":"BreadcrumbList","@id":"https:\/\/ceper.uniandes.edu.co\/en\/programs\/undergraduate-degree-in-digital-narratives\/undergraduate-degree-project-guidelines\/#breadcrumb","itemListElement":[{"@type":"ListItem","position":1,"name":"Portada","item":"https:\/\/ceper.uniandes.edu.co\/en\/"},{"@type":"ListItem","position":2,"name":"Programs","item":"https:\/\/ceper.uniandes.edu.co\/en\/programs\/"},{"@type":"ListItem","position":3,"name":"Undergraduate Degree in Digital Narratives","item":"https:\/\/ceper.uniandes.edu.co\/en\/programs\/undergraduate-degree-in-digital-narratives\/"},{"@type":"ListItem","position":4,"name":"Undergraduate Degree Project Guidelines"}]},{"@type":"WebSite","@id":"https:\/\/ceper.uniandes.edu.co\/en\/#website","url":"https:\/\/ceper.uniandes.edu.co\/en\/","name":"Centro de Estudios en Periodismo - Ceper \u2502 Universidad de los Andes","description":"","potentialAction":[{"@type":"SearchAction","target":{"@type":"EntryPoint","urlTemplate":"https:\/\/ceper.uniandes.edu.co\/en\/?s={search_term_string}"},"query-input":{"@type":"PropertyValueSpecification","valueRequired":true,"valueName":"search_term_string"}}],"inLanguage":"en-US"}]}},"_links":{"self":[{"href":"https:\/\/ceper.uniandes.edu.co\/en\/wp-json\/wp\/v2\/pages\/5706","targetHints":{"allow":["GET"]}}],"collection":[{"href":"https:\/\/ceper.uniandes.edu.co\/en\/wp-json\/wp\/v2\/pages"}],"about":[{"href":"https:\/\/ceper.uniandes.edu.co\/en\/wp-json\/wp\/v2\/types\/page"}],"author":[{"embeddable":true,"href":"https:\/\/ceper.uniandes.edu.co\/en\/wp-json\/wp\/v2\/users\/1"}],"replies":[{"embeddable":true,"href":"https:\/\/ceper.uniandes.edu.co\/en\/wp-json\/wp\/v2\/comments?post=5706"}],"version-history":[{"count":2,"href":"https:\/\/ceper.uniandes.edu.co\/en\/wp-json\/wp\/v2\/pages\/5706\/revisions"}],"predecessor-version":[{"id":5708,"href":"https:\/\/ceper.uniandes.edu.co\/en\/wp-json\/wp\/v2\/pages\/5706\/revisions\/5708"}],"up":[{"embeddable":true,"href":"https:\/\/ceper.uniandes.edu.co\/en\/wp-json\/wp\/v2\/pages\/5691"}],"wp:featuredmedia":[{"embeddable":true,"href":"https:\/\/ceper.uniandes.edu.co\/en\/wp-json\/wp\/v2\/media\/4941"}],"wp:attachment":[{"href":"https:\/\/ceper.uniandes.edu.co\/en\/wp-json\/wp\/v2\/media?parent=5706"}],"curies":[{"name":"wp","href":"https:\/\/api.w.org\/{rel}","templated":true}]}}