{"id":5709,"date":"2022-10-03T17:18:32","date_gmt":"2022-10-03T22:18:32","guid":{"rendered":"https:\/\/ceper.uniandes.edu.co\/faqs-about-digital-narratives\/"},"modified":"2022-10-25T15:16:18","modified_gmt":"2022-10-25T20:16:18","slug":"faqs-about-digital-narratives","status":"publish","type":"page","link":"https:\/\/ceper.uniandes.edu.co\/en\/faqs-about-digital-narratives\/","title":{"rendered":"FAQs about Digital Narratives"},"content":{"rendered":"<div class=\"wpb-content-wrapper\"><p>[vc_row][vc_column][vc_column_text]Find here informative capsules about the Saber Pro exam and the undergraduate language requirement, as well as the Epsilon, E-type, CEPER electives, and Arts and Humanities courses.[\/vc_column_text][\/vc_column][\/vc_row][vc_row][vc_column][\/vc_column][\/vc_row][vc_row][vc_column][vc_column_text]For more information on these or other academic topics, please email Jos\u00e9 Manuel Villamar\u00edn G., academic coordinator: <span style=\"color: #ff0000;\"><a style=\"color: #ff0000;\" href=\"mailto:jm.villamarin@uniandes.edu.co\" target=\"_blank\" rel=\"noopener\">jm.villamarin@uniandes.edu.co<\/a><\/span> or Mar\u00eda Camila Olarte Vargas, academic assistant: <span style=\"color: #ff0000;\"><a style=\"color: #ff0000;\" href=\"mailto:mc.olartev@uniandes.edu.co\" target=\"_blank\" rel=\"noopener\">mc.olartev@uniandes.edu.co<\/a><\/span>.[\/vc_column_text][\/vc_column][\/vc_row][vc_row][vc_column][vc_tta_tour style=&#8221;outline&#8221; shape=&#8221;square&#8221; color=&#8221;sandy-brown&#8221; spacing=&#8221;2&#8243; gap=&#8221;2&#8243; alignment=&#8221;center&#8221; active_section=&#8221;1&#8243; pagination_style=&#8221;flat-rounded&#8221; pagination_color=&#8221;sandy-brown&#8221;][vc_tta_section title=&#8221;\u00c9psilon and Type E&#8221; tab_id=&#8221;1649109418611-15e23f09-25d5&#8243;][vc_single_image source=&#8221;external_link&#8221; external_img_size=&#8221;full&#8221; alignment=&#8221;center&#8221; external_style=&#8221;vc_box_outline&#8221; onclick=&#8221;link_image&#8221; custom_src=&#8221;https:\/\/ceper.uniandes.edu.co\/files\/2022\/04\/CAPSULA_1-J.jpg&#8221;][\/vc_tta_section][vc_tta_section title=&#8221;Language Requirements&#8221; tab_id=&#8221;1649109418616-389ccc30-e811&#8243;][vc_single_image source=&#8221;external_link&#8221; external_img_size=&#8221;full&#8221; alignment=&#8221;center&#8221; external_style=&#8221;vc_box_outline&#8221; onclick=&#8221;link_image&#8221; custom_src=&#8221;https:\/\/ceper.uniandes.edu.co\/files\/2022\/04\/CAPSULA_2-JA.jpg&#8221;][\/vc_tta_section][vc_tta_section title=&#8221;Ceper Electives&#8221; tab_id=&#8221;1649109515199-055f0b3f-ba55&#8243;][vc_single_image source=&#8221;external_link&#8221; external_img_size=&#8221;full&#8221; alignment=&#8221;center&#8221; external_style=&#8221;vc_box_outline&#8221; onclick=&#8221;link_image&#8221; custom_src=&#8221;https:\/\/ceper.uniandes.edu.co\/files\/2022\/04\/CAPSULA_4-J.jpg&#8221;][\/vc_tta_section][vc_tta_section title=&#8221;Saber Pro&#8221; tab_id=&#8221;1649109538848-e0afd68d-99b2&#8243;][vc_single_image source=&#8221;external_link&#8221; external_img_size=&#8221;full&#8221; alignment=&#8221;center&#8221; external_style=&#8221;vc_box_outline&#8221; onclick=&#8221;link_image&#8221; custom_src=&#8221;https:\/\/ceper.uniandes.edu.co\/files\/2022\/04\/CAPSULA_3-J.jpg&#8221;][\/vc_tta_section][vc_tta_section title=&#8221;Arts and Humanities Courses&#8221; tab_id=&#8221;1649109578744-96780881-6824&#8243;][vc_single_image source=&#8221;external_link&#8221; external_img_size=&#8221;full&#8221; alignment=&#8221;center&#8221; external_style=&#8221;vc_box_outline&#8221; onclick=&#8221;link_image&#8221; custom_src=&#8221;https:\/\/ceper.uniandes.edu.co\/files\/2022\/04\/CAPSULA_5-J2.jpg&#8221;][\/vc_tta_section][\/vc_tta_tour][\/vc_column][\/vc_row]<\/p>\n<\/div>","protected":false},"excerpt":{"rendered":"<p>[vc_row][vc_column][vc_column_text]Find here informative capsules about the Saber Pro exam and the undergraduate language requirement, as well as the Epsilon, E-type, CEPER electives, and Arts and Humanities courses.[\/vc_column_text][\/vc_column][\/vc_row][vc_row][vc_column][\/vc_column][\/vc_row][vc_row][vc_column][vc_column_text]For more information on these or other academic topics, please email Jos\u00e9 Manuel Villamar\u00edn G., academic coordinator: jm.villamarin@uniandes.edu.co or Mar\u00eda Camila Olarte Vargas, academic assistant: mc.olartev@uniandes.edu.co.[\/vc_column_text][\/vc_column][\/vc_row][vc_row][vc_column][vc_tta_tour style=&#8221;outline&#8221; shape=&#8221;square&#8221; color=&#8221;sandy-brown&#8221; [&hellip;]<\/p>\n","protected":false},"author":1,"featured_media":4923,"parent":0,"menu_order":0,"comment_status":"closed","ping_status":"closed","template":"","meta":{"footnotes":""},"class_list":["post-5709","page","type-page","status-publish","has-post-thumbnail","hentry"],"yoast_head":"<!-- This site is optimized with the Yoast SEO plugin v27.4 - https:\/\/yoast.com\/product\/yoast-seo-wordpress\/ -->\n<title>FAQs | Students | Digital Narratives | Uniandes<\/title>\n<meta name=\"description\" content=\"FAQs for the students of the Digital Narratives Undergraduate Program at Universidad de los Andes\" \/>\n<meta name=\"robots\" content=\"noindex, follow, max-snippet:-1, max-image-preview:large, max-video-preview:-1\" \/>\n<meta property=\"og:locale\" content=\"en_US\" \/>\n<meta property=\"og:type\" content=\"article\" \/>\n<meta property=\"og:title\" content=\"FAQs | Students | Digital Narratives | Uniandes\" \/>\n<meta property=\"og:description\" content=\"FAQs for the students of the Digital Narratives Undergraduate Program at Universidad de los Andes\" \/>\n<meta property=\"og:url\" content=\"https:\/\/ceper.uniandes.edu.co\/en\/faqs-about-digital-narratives\/\" \/>\n<meta property=\"og:site_name\" content=\"Centro de Estudios en Periodismo - Ceper \u2502 Universidad de los Andes\" \/>\n<meta property=\"article:modified_time\" content=\"2022-10-25T20:16:18+00:00\" \/>\n<meta property=\"og:image\" content=\"https:\/\/ceper.uniandes.edu.co\/files\/2022\/04\/CAPSULA_1-J.jpg\" \/>\n\t<meta property=\"og:image:width\" content=\"1500\" \/>\n\t<meta property=\"og:image:height\" content=\"2318\" \/>\n\t<meta property=\"og:image:type\" content=\"image\/jpeg\" \/>\n<meta name=\"twitter:card\" content=\"summary_large_image\" \/>\n<meta name=\"twitter:label1\" content=\"Est. reading time\" \/>\n\t<meta name=\"twitter:data1\" content=\"1 minute\" \/>\n<script type=\"application\/ld+json\" class=\"yoast-schema-graph\">{\"@context\":\"https:\\\/\\\/schema.org\",\"@graph\":[{\"@type\":\"WebPage\",\"@id\":\"https:\\\/\\\/ceper.uniandes.edu.co\\\/en\\\/faqs-about-digital-narratives\\\/\",\"url\":\"https:\\\/\\\/ceper.uniandes.edu.co\\\/en\\\/faqs-about-digital-narratives\\\/\",\"name\":\"FAQs | Students | Digital Narratives | Uniandes\",\"isPartOf\":{\"@id\":\"https:\\\/\\\/ceper.uniandes.edu.co\\\/#website\"},\"primaryImageOfPage\":{\"@id\":\"https:\\\/\\\/ceper.uniandes.edu.co\\\/en\\\/faqs-about-digital-narratives\\\/#primaryimage\"},\"image\":{\"@id\":\"https:\\\/\\\/ceper.uniandes.edu.co\\\/en\\\/faqs-about-digital-narratives\\\/#primaryimage\"},\"thumbnailUrl\":\"https:\\\/\\\/ceper.uniandes.edu.co\\\/files\\\/2022\\\/04\\\/CAPSULA_1-J.jpg\",\"datePublished\":\"2022-10-03T22:18:32+00:00\",\"dateModified\":\"2022-10-25T20:16:18+00:00\",\"description\":\"FAQs for the students of the Digital Narratives Undergraduate Program at Universidad de los Andes\",\"breadcrumb\":{\"@id\":\"https:\\\/\\\/ceper.uniandes.edu.co\\\/en\\\/faqs-about-digital-narratives\\\/#breadcrumb\"},\"inLanguage\":\"en-US\",\"potentialAction\":[{\"@type\":\"ReadAction\",\"target\":[\"https:\\\/\\\/ceper.uniandes.edu.co\\\/en\\\/faqs-about-digital-narratives\\\/\"]}]},{\"@type\":\"ImageObject\",\"inLanguage\":\"en-US\",\"@id\":\"https:\\\/\\\/ceper.uniandes.edu.co\\\/en\\\/faqs-about-digital-narratives\\\/#primaryimage\",\"url\":\"https:\\\/\\\/ceper.uniandes.edu.co\\\/files\\\/2022\\\/04\\\/CAPSULA_1-J.jpg\",\"contentUrl\":\"https:\\\/\\\/ceper.uniandes.edu.co\\\/files\\\/2022\\\/04\\\/CAPSULA_1-J.jpg\",\"width\":1500,\"height\":2318,\"caption\":\"Afiche de la c\u00e1psula informativa sobre cursos \u00c9psilon y tipo E\"},{\"@type\":\"BreadcrumbList\",\"@id\":\"https:\\\/\\\/ceper.uniandes.edu.co\\\/en\\\/faqs-about-digital-narratives\\\/#breadcrumb\",\"itemListElement\":[{\"@type\":\"ListItem\",\"position\":1,\"name\":\"Portada\",\"item\":\"https:\\\/\\\/ceper.uniandes.edu.co\\\/en\\\/\"},{\"@type\":\"ListItem\",\"position\":2,\"name\":\"FAQs about Digital Narratives\"}]},{\"@type\":\"WebSite\",\"@id\":\"https:\\\/\\\/ceper.uniandes.edu.co\\\/#website\",\"url\":\"https:\\\/\\\/ceper.uniandes.edu.co\\\/\",\"name\":\"Centro de Estudios en Periodismo - Ceper \u2502 Universidad de los Andes\",\"description\":\"\",\"potentialAction\":[{\"@type\":\"SearchAction\",\"target\":{\"@type\":\"EntryPoint\",\"urlTemplate\":\"https:\\\/\\\/ceper.uniandes.edu.co\\\/?s={search_term_string}\"},\"query-input\":{\"@type\":\"PropertyValueSpecification\",\"valueRequired\":true,\"valueName\":\"search_term_string\"}}],\"inLanguage\":\"en-US\"}]}<\/script>\n<!-- \/ Yoast SEO plugin. -->","yoast_head_json":{"title":"FAQs | Students | Digital Narratives | Uniandes","description":"FAQs for the students of the Digital Narratives Undergraduate Program at Universidad de los Andes","robots":{"index":"noindex","follow":"follow","max-snippet":"max-snippet:-1","max-image-preview":"max-image-preview:large","max-video-preview":"max-video-preview:-1"},"og_locale":"en_US","og_type":"article","og_title":"FAQs | Students | Digital Narratives | Uniandes","og_description":"FAQs for the students of the Digital Narratives Undergraduate Program at Universidad de los Andes","og_url":"https:\/\/ceper.uniandes.edu.co\/en\/faqs-about-digital-narratives\/","og_site_name":"Centro de Estudios en Periodismo - Ceper \u2502 Universidad de los Andes","article_modified_time":"2022-10-25T20:16:18+00:00","og_image":[{"width":1500,"height":2318,"url":"https:\/\/ceper.uniandes.edu.co\/files\/2022\/04\/CAPSULA_1-J.jpg","type":"image\/jpeg"}],"twitter_card":"summary_large_image","twitter_misc":{"Est. reading time":"1 minute"},"schema":{"@context":"https:\/\/schema.org","@graph":[{"@type":"WebPage","@id":"https:\/\/ceper.uniandes.edu.co\/en\/faqs-about-digital-narratives\/","url":"https:\/\/ceper.uniandes.edu.co\/en\/faqs-about-digital-narratives\/","name":"FAQs | Students | Digital Narratives | Uniandes","isPartOf":{"@id":"https:\/\/ceper.uniandes.edu.co\/#website"},"primaryImageOfPage":{"@id":"https:\/\/ceper.uniandes.edu.co\/en\/faqs-about-digital-narratives\/#primaryimage"},"image":{"@id":"https:\/\/ceper.uniandes.edu.co\/en\/faqs-about-digital-narratives\/#primaryimage"},"thumbnailUrl":"https:\/\/ceper.uniandes.edu.co\/files\/2022\/04\/CAPSULA_1-J.jpg","datePublished":"2022-10-03T22:18:32+00:00","dateModified":"2022-10-25T20:16:18+00:00","description":"FAQs for the students of the Digital Narratives Undergraduate Program at Universidad de los Andes","breadcrumb":{"@id":"https:\/\/ceper.uniandes.edu.co\/en\/faqs-about-digital-narratives\/#breadcrumb"},"inLanguage":"en-US","potentialAction":[{"@type":"ReadAction","target":["https:\/\/ceper.uniandes.edu.co\/en\/faqs-about-digital-narratives\/"]}]},{"@type":"ImageObject","inLanguage":"en-US","@id":"https:\/\/ceper.uniandes.edu.co\/en\/faqs-about-digital-narratives\/#primaryimage","url":"https:\/\/ceper.uniandes.edu.co\/files\/2022\/04\/CAPSULA_1-J.jpg","contentUrl":"https:\/\/ceper.uniandes.edu.co\/files\/2022\/04\/CAPSULA_1-J.jpg","width":1500,"height":2318,"caption":"Afiche de la c\u00e1psula informativa sobre cursos \u00c9psilon y tipo E"},{"@type":"BreadcrumbList","@id":"https:\/\/ceper.uniandes.edu.co\/en\/faqs-about-digital-narratives\/#breadcrumb","itemListElement":[{"@type":"ListItem","position":1,"name":"Portada","item":"https:\/\/ceper.uniandes.edu.co\/en\/"},{"@type":"ListItem","position":2,"name":"FAQs about Digital Narratives"}]},{"@type":"WebSite","@id":"https:\/\/ceper.uniandes.edu.co\/#website","url":"https:\/\/ceper.uniandes.edu.co\/","name":"Centro de Estudios en Periodismo - Ceper \u2502 Universidad de los Andes","description":"","potentialAction":[{"@type":"SearchAction","target":{"@type":"EntryPoint","urlTemplate":"https:\/\/ceper.uniandes.edu.co\/?s={search_term_string}"},"query-input":{"@type":"PropertyValueSpecification","valueRequired":true,"valueName":"search_term_string"}}],"inLanguage":"en-US"}]}},"_links":{"self":[{"href":"https:\/\/ceper.uniandes.edu.co\/en\/wp-json\/wp\/v2\/pages\/5709","targetHints":{"allow":["GET"]}}],"collection":[{"href":"https:\/\/ceper.uniandes.edu.co\/en\/wp-json\/wp\/v2\/pages"}],"about":[{"href":"https:\/\/ceper.uniandes.edu.co\/en\/wp-json\/wp\/v2\/types\/page"}],"author":[{"embeddable":true,"href":"https:\/\/ceper.uniandes.edu.co\/en\/wp-json\/wp\/v2\/users\/1"}],"replies":[{"embeddable":true,"href":"https:\/\/ceper.uniandes.edu.co\/en\/wp-json\/wp\/v2\/comments?post=5709"}],"version-history":[{"count":10,"href":"https:\/\/ceper.uniandes.edu.co\/en\/wp-json\/wp\/v2\/pages\/5709\/revisions"}],"predecessor-version":[{"id":5958,"href":"https:\/\/ceper.uniandes.edu.co\/en\/wp-json\/wp\/v2\/pages\/5709\/revisions\/5958"}],"wp:featuredmedia":[{"embeddable":true,"href":"https:\/\/ceper.uniandes.edu.co\/en\/wp-json\/wp\/v2\/media\/4923"}],"wp:attachment":[{"href":"https:\/\/ceper.uniandes.edu.co\/en\/wp-json\/wp\/v2\/media?parent=5709"}],"curies":[{"name":"wp","href":"https:\/\/api.w.org\/{rel}","templated":true}]}}